{"id":165,"date":"2023-10-22T03:32:07","date_gmt":"2023-10-22T03:32:07","guid":{"rendered":"https:\/\/artesaniaspozo.com\/sitio\/?page_id=165"},"modified":"2025-05-02T16:15:17","modified_gmt":"2025-05-02T16:15:17","slug":"la-empresa","status":"publish","type":"page","link":"https:\/\/artesaniaspozo.com\/sitio\/la-empresa\/","title":{"rendered":"La Empresa"},"content":{"rendered":"\n<div class=\"wp-block-cover alignfull is-light wp-duotone-unset-1\" style=\"margin-top:0;padding-top:48px;padding-right:48px;padding-bottom:48px;padding-left:48px;min-height:300px;aspect-ratio:unset;\"><span aria-hidden=\"true\" class=\"wp-block-cover__background has-background-dim-30 has-background-dim\" style=\"background-color:#a69483\"><\/span><img loading=\"lazy\" decoding=\"async\" width=\"2396\" height=\"2396\" class=\"wp-block-cover__image-background wp-image-5409\" alt=\"\" src=\"https:\/\/artesaniaspozo.com\/sitio\/wp-content\/uploads\/2025\/04\/IMG_20191024_150256_415.jpg\" data-object-fit=\"cover\" srcset=\"https:\/\/artesaniaspozo.com\/sitio\/wp-content\/uploads\/2025\/04\/IMG_20191024_150256_415.jpg 2396w, https:\/\/artesaniaspozo.com\/sitio\/wp-content\/uploads\/2025\/04\/IMG_20191024_150256_415-300x300.jpg 300w, https:\/\/artesaniaspozo.com\/sitio\/wp-content\/uploads\/2025\/04\/IMG_20191024_150256_415-1024x1024.jpg 1024w, https:\/\/artesaniaspozo.com\/sitio\/wp-content\/uploads\/2025\/04\/IMG_20191024_150256_415-150x150.jpg 150w, https:\/\/artesaniaspozo.com\/sitio\/wp-content\/uploads\/2025\/04\/IMG_20191024_150256_415-768x768.jpg 768w, https:\/\/artesaniaspozo.com\/sitio\/wp-content\/uploads\/2025\/04\/IMG_20191024_150256_415-1536x1536.jpg 1536w, https:\/\/artesaniaspozo.com\/sitio\/wp-content\/uploads\/2025\/04\/IMG_20191024_150256_415-2048x2048.jpg 2048w, https:\/\/artesaniaspozo.com\/sitio\/wp-content\/uploads\/2025\/04\/IMG_20191024_150256_415-100x100.jpg 100w\" sizes=\"(max-width: 2396px) 100vw, 2396px\" \/><div class=\"wp-block-cover__inner-container is-layout-flow wp-block-cover-is-layout-flow\">\n<p class=\"has-text-align-center has-large-font-size\"><\/p>\n<\/div><\/div>\n\n\n\n<div style=\"height:36px\" aria-hidden=\"true\" class=\"wp-block-spacer\"><\/div>\n\n\n\n<h2 class=\"wp-block-heading has-text-align-center\">La Empresa<\/h2>\n\n\n\n<div style=\"height:36px\" aria-hidden=\"true\" class=\"wp-block-spacer\"><\/div>\n\n\n\n<p class=\"has-text-align-left\">Somos una empresa que trabaja desde 1985 en el Ecuador, con una trayectoria de credibilidad y confianza en el mercado local.<\/p>\n\n\n\n<p class=\"has-text-align-left\">Somos especialistas en conseguir los mejores precios, ya que trabajamos directamente con las f\u00e1bricas de China &#8211; Brasil &#8211; Colombia &#8211; Ecuador. Distribuy\u00e9ndoles material de alta calidad para la creaci\u00f3n de sus proyectos y dise\u00f1os, dando un paso adelante impulsando la creaci\u00f3n de tu Negocio Propio.<\/p>\n\n\n\n<div style=\"height:40px\" aria-hidden=\"true\" class=\"wp-block-spacer\"><\/div>\n\n\n\n<h2 class=\"wp-block-heading\">Por que Elegirnos?<\/h2>\n\n\n\n<p>Porque tenemos los mejores productos<\/p>\n\n\n\n<div class=\"wp-block-columns is-layout-flex wp-container-core-columns-is-layout-1 wp-block-columns-is-layout-flex\">\n<div class=\"wp-block-column is-layout-flow wp-block-column-is-layout-flow\">\n<details class=\"wp-block-details is-layout-flow wp-block-details-is-layout-flow\" style=\"font-style:normal;font-weight:700\"><summary>ACERO<\/summary>\n<p style=\"font-size:15px;font-style:normal;font-weight:200\">Broches, Cargador Para Dijes, Argollas, Broches Con Iman, Cubrepepas, Asas y Topos, Dijes, Capuchon, Separadores<\/p>\n<\/details>\n<\/div>\n\n\n\n<div class=\"wp-block-column is-layout-flow wp-block-column-is-layout-flow\">\n<details class=\"wp-block-details has-medium-font-size is-layout-flow wp-block-details-is-layout-flow\" style=\"font-style:normal;font-weight:700\"><summary>ELECTROPLATA<\/summary>\n<p style=\"font-size:15px;font-style:normal;font-weight:200\">Contamos con Broches, Dijes Para Pulseras y Collares, Separadores, Capuchones y Rondelas<\/p>\n<\/details>\n<\/div>\n\n\n\n<div class=\"wp-block-column is-layout-flow wp-block-column-is-layout-flow\">\n<details class=\"wp-block-details is-layout-flow wp-block-details-is-layout-flow\" style=\"font-style:normal;font-weight:700\"><summary>MICRO ZIRCON<\/summary>\n<p style=\"font-size:15px;font-style:normal;font-weight:200\">A su disposicion tenemos Broche con Iman, Dijes para Pulseras y Collares, Separadores y Terminales<\/p>\n<\/details>\n<\/div>\n<\/div>\n\n\n\n<div class=\"wp-block-columns is-layout-flex wp-container-core-columns-is-layout-2 wp-block-columns-is-layout-flex\">\n<div class=\"wp-block-column is-layout-flow wp-block-column-is-layout-flow\">\n<details class=\"wp-block-details is-layout-flow wp-block-details-is-layout-flow\" style=\"font-style:normal;font-weight:700\"><summary>PLATA Y GOLDFIELD<\/summary>\n<p style=\"font-size:15px;font-style:normal;font-weight:200\">Alambre, Alfileres, Argollas, Asas y Topos, Base para Aretes, Broches, Cadena por Metro y Rollo, Cubrepepas, Dijes y Separadores<\/p>\n<\/details>\n<\/div>\n\n\n\n<div class=\"wp-block-column is-layout-flow wp-block-column-is-layout-flow\">\n<details class=\"wp-block-details is-layout-flow wp-block-details-is-layout-flow\" style=\"font-style:normal;font-weight:700\"><summary>RELIGIOSOS<\/summary>\n<p style=\"font-size:15px;font-style:normal;font-weight:200\">Caliz, Cruces, Cruces de Acrilico, Cruces de Madera, Dijes de Acero, Dijes Vacios, Medallas Religiosas, Prendedores y Rosarios<\/p>\n<\/details>\n<\/div>\n\n\n\n<div class=\"wp-block-column is-layout-flow wp-block-column-is-layout-flow\">\n<details class=\"wp-block-details is-layout-flow wp-block-details-is-layout-flow\" style=\"font-style:normal;font-weight:700\"><summary>PL\u00c1STICO Y ACRILICO<\/summary>\n<p style=\"font-size:15px;font-style:normal;font-weight:200\">A su disposicion tenemos Buckles, Neopreno, Ojitos, Plastico y Acrilico<\/p>\n<\/details>\n<\/div>\n<\/div>\n\n\n\n<p><\/p>\n","protected":false},"excerpt":{"rendered":"<p>La Empresa Somos una empresa que trabaja desde 1985 en el Ecuador, con una trayectoria de credibilidad y confianza en &hellip; <\/p>\n","protected":false},"author":1,"featured_media":5254,"parent":0,"menu_order":0,"comment_status":"closed","ping_status":"closed","template":"","meta":{"_coachify_sidebar_layout":"centered","footnotes":""},"class_list":["post-165","page","type-page","status-publish","has-post-thumbnail","hentry","image-hover-transition-effect"],"_links":{"self":[{"href":"https:\/\/artesaniaspozo.com\/sitio\/wp-json\/wp\/v2\/pages\/165"}],"collection":[{"href":"https:\/\/artesaniaspozo.com\/sitio\/wp-json\/wp\/v2\/pages"}],"about":[{"href":"https:\/\/artesaniaspozo.com\/sitio\/wp-json\/wp\/v2\/types\/page"}],"author":[{"embeddable":true,"href":"https:\/\/artesaniaspozo.com\/sitio\/wp-json\/wp\/v2\/users\/1"}],"replies":[{"embeddable":true,"href":"https:\/\/artesaniaspozo.com\/sitio\/wp-json\/wp\/v2\/comments?post=165"}],"version-history":[{"count":27,"href":"https:\/\/artesaniaspozo.com\/sitio\/wp-json\/wp\/v2\/pages\/165\/revisions"}],"predecessor-version":[{"id":5425,"href":"https:\/\/artesaniaspozo.com\/sitio\/wp-json\/wp\/v2\/pages\/165\/revisions\/5425"}],"wp:featuredmedia":[{"embeddable":true,"href":"https:\/\/artesaniaspozo.com\/sitio\/wp-json\/wp\/v2\/media\/5254"}],"wp:attachment":[{"href":"https:\/\/artesaniaspozo.com\/sitio\/wp-json\/wp\/v2\/media?parent=165"}],"curies":[{"name":"wp","href":"https:\/\/api.w.org\/{rel}","templated":true}]}}